{"id":66790,"date":"2020-06-17T06:41:23","date_gmt":"2020-06-17T06:41:23","guid":{"rendered":"http:\/\/arhivacomisiuniimonumentelor.ro\/?page_id=66790"},"modified":"2023-08-17T10:54:18","modified_gmt":"2023-08-17T12:54:18","slug":"proiectul","status":"publish","type":"page","link":"http:\/\/arhivacomisiuniimonumentelor.ro\/?page_id=66790","title":{"rendered":"Proiectul"},"content":{"rendered":"<div class=\"wpb-content-wrapper\"><p>[vc_row][vc_column][vc_column_text]<strong>Back up- Valorificarea arhivei Istorice a Comisiunii Monumentelor Istorice<\/strong><\/p>\n<p>Institutul Na\u0163ional al Patrimoniului a ini\u0163iat un proiect multianual, \u00een parteneriat cu Universitatea din Bucure\u015fti, cofinan\u0163at de AFCN, ce are ca scop conservarea, protejarea \u015fi valorificarea uneia dintre cele mai importante arhive istorice din Rom\u00e2nia, arhiva Comisiunii Monumentelor Istorice. \u00a0De-a lungul celor 55 de ani de existen\u0163\u0103 (1892-1948), Comisiunea Monumentelor Istorice (CMI) \u00ee\u015fi va m\u0103ri num\u0103rul de membri la 9 \u015fi va avea membri coresponden\u0163i \u00een jude\u0163ele \u0163\u0103rii. Arhiva Comisiunii Monumentelor Istorice este un uria\u015f depozit de informa\u0163ii istorice: studii istorice, devize, relevee, planuri, discu\u0163ii, decizii, etc., ce sunt con\u0163inute \u00een aceste dosare, referitoare la problemele de restaurare, conservare \u015fi punere \u00een valoare a monumentelor istorice.<\/p>\n<p>Printre rezultatele \u00a0proiectului \u00a0amintim scanarea \u015fi digitizarea a \u00a0peste 30.000 de documente ce apar\u0163in arhivei Comisiunii Monumentelor Istorice<\/p>\n<p>\u00cen afara rezultatelor tehnice ale proiectului, cea mai important\u0103 realizare o reprezint\u0103 salvarea \u015fi p\u0103strarea acestei arhive, \u00een condi\u0163ii de siguran\u0163\u0103 maxim\u0103 \u00a0\u015fi p\u0103strarea unor copii digitizate \u00een condi\u0163ii optime, sigure. Enorma bog\u0103\u0163ie informa\u0163ional\u0103 existent\u0103 va putea fi punctul de plecare a unor teme de cercetare variate, pornind de la problemele stringente ale restaur\u0103rii p\u00e2n\u0103 la cele legate de tehnici \u015fi de materiale de construc\u0163ie, la solu\u0163ii legate de restaur\u0103ri, de consolid\u0103ri, de \u00eentreaga problematic\u0103 a monumentelor istorice.<\/p>\n<p><strong>ECHIPA PROIECTULUI \u0218I PARTENERII <\/strong><\/p>\n<p><strong>Institutul Na\u021bional al Patrimoniului<\/strong><\/p>\n<p><strong>Echipa de proiect:<\/strong><\/p>\n<p>Dr. Daniela Mihai, Manager<\/p>\n<p>Dr. Florentina Udrea, Asistent manager<\/p>\n<p>Dr. Adriana Vasiliu &#8211; Speteanu, membru<\/p>\n<p>Andreea Popa, membru<\/p>\n<p>Radu Tulai, membru<\/p>\n<p>Ruxandra \u015eerban &#8211; DTP, scanare<\/p>\n<p>Vasile Andrei, membru, site WEB<\/p>\n<p>Iosef Kovacs, membru<\/p>\n<p>Alin Saidac, membru<\/p>\n<p>Iuliu \u0218erban, membru<\/p>\n<p>Bogdan \u0218andric, membru<\/p>\n<p><strong>\u00a0<\/strong><\/p>\n<p><strong>PARTENERI<\/strong><\/p>\n<p><strong>Universitatea din Bucure\u015fti, Facultatea de Istorie<\/strong><\/p>\n<p>Dr. conferen\u021biar universitar<strong> &#8211; <\/strong>Marius Diaconescu<\/p>\n<p>&nbsp;<\/p>\n<p><strong>Servicii scanare\/digitizare<\/strong><\/p>\n<p><strong>S.C. AMERILEX SRL <\/strong><\/p>\n<p><strong>S.C. AZERO SRL <\/strong><\/p>\n<p>&nbsp;<\/p>\n<p>&nbsp;<\/p>\n<p><img loading=\"lazy\" decoding=\"async\" class=\"alignnone size-full wp-image-66808\" src=\"http:\/\/arhivacomisiuniimonumentelor.ro\/wp-content\/uploads\/comunicat-Back-up-A4-scaled.jpg\" alt=\"\" width=\"1813\" height=\"2560\" \/><\/p>\n<p><img loading=\"lazy\" decoding=\"async\" class=\"alignnone size-full wp-image-67556\" src=\"http:\/\/arhivacomisiuniimonumentelor.ro\/wp-content\/uploads\/Panou_Prezentare-back-up-scaled.jpg\" alt=\"\" width=\"2560\" height=\"1792\" \/>[\/vc_column_text][\/vc_column][\/vc_row]<\/p>\n<\/div>","protected":false},"excerpt":{"rendered":"<p>[vc_row][vc_column][vc_column_text]Back up- Valorificarea arhivei Istorice a Comisiunii Monumentelor Istorice Institutul Na\u0163ional al Patrimoniului a ini\u0163iat un proiect multianual, \u00een parteneriat cu Universitatea din Bucure\u015fti, cofinan\u0163at de AFCN, ce are ca scop conservarea, protejarea \u015fi valorificarea uneia dintre cele mai importante arhive istorice din Rom\u00e2nia, arhiva Comisiunii Monumentelor Istorice. \u00a0De-a lungul [&hellip;]<\/p>\n","protected":false},"author":1,"featured_media":0,"parent":0,"menu_order":0,"comment_status":"closed","ping_status":"closed","template":"","meta":{"footnotes":""},"class_list":["post-66790","page","type-page","status-publish","hentry"],"acf":[],"yoast_head":"<!-- This site is optimized with the Yoast SEO plugin v23.4 - https:\/\/yoast.com\/wordpress\/plugins\/seo\/ -->\r\n<title>Proiectul - Back-up. Valorificarea arhivei istorice a Comisiunii Monumentelor Istorice<\/title>\r\n<meta name=\"robots\" content=\"index, follow, max-snippet:-1, max-image-preview:large, max-video-preview:-1\" \/>\r\n<link rel=\"canonical\" href=\"https:\/\/arhivacomisiuniimonumentelor.ro\/?page_id=66790\" \/>\r\n<meta property=\"og:locale\" content=\"en_US\" \/>\r\n<meta property=\"og:type\" content=\"article\" \/>\r\n<meta property=\"og:title\" content=\"Proiectul - Back-up. Valorificarea arhivei istorice a Comisiunii Monumentelor Istorice\" \/>\r\n<meta property=\"og:description\" content=\"[vc_row][vc_column][vc_column_text]Back up- Valorificarea arhivei Istorice a Comisiunii Monumentelor Istorice Institutul Na\u0163ional al Patrimoniului a ini\u0163iat un proiect multianual, \u00een parteneriat cu Universitatea din Bucure\u015fti, cofinan\u0163at de AFCN, ce are ca scop conservarea, protejarea \u015fi valorificarea uneia dintre cele mai importante arhive istorice din Rom\u00e2nia, arhiva Comisiunii Monumentelor Istorice. \u00a0De-a lungul [&hellip;]\" \/>\r\n<meta property=\"og:url\" content=\"https:\/\/arhivacomisiuniimonumentelor.ro\/?page_id=66790\" \/>\r\n<meta property=\"og:site_name\" content=\"Back-up. Valorificarea arhivei istorice a Comisiunii Monumentelor Istorice\" \/>\r\n<meta property=\"article:modified_time\" content=\"2023-08-17T12:54:18+00:00\" \/>\r\n<meta property=\"og:image\" content=\"http:\/\/arhivacomisiuniimonumentelor.ro\/wp-content\/uploads\/comunicat-Back-up-A4-scaled.jpg\" \/>\r\n<meta name=\"twitter:card\" content=\"summary_large_image\" \/>\r\n<meta name=\"twitter:label1\" content=\"Est. reading time\" \/>\n\t<meta name=\"twitter:data1\" content=\"2 minutes\" \/>\r\n<script type=\"application\/ld+json\" class=\"yoast-schema-graph\">{\"@context\":\"https:\/\/schema.org\",\"@graph\":[{\"@type\":\"WebPage\",\"@id\":\"https:\/\/arhivacomisiuniimonumentelor.ro\/?page_id=66790\",\"url\":\"https:\/\/arhivacomisiuniimonumentelor.ro\/?page_id=66790\",\"name\":\"Proiectul - Back-up. Valorificarea arhivei istorice a Comisiunii Monumentelor Istorice\",\"isPartOf\":{\"@id\":\"https:\/\/arhivacomisiuniimonumentelor.ro\/#website\"},\"primaryImageOfPage\":{\"@id\":\"https:\/\/arhivacomisiuniimonumentelor.ro\/?page_id=66790#primaryimage\"},\"image\":{\"@id\":\"https:\/\/arhivacomisiuniimonumentelor.ro\/?page_id=66790#primaryimage\"},\"thumbnailUrl\":\"http:\/\/arhivacomisiuniimonumentelor.ro\/wp-content\/uploads\/comunicat-Back-up-A4-scaled.jpg\",\"datePublished\":\"2020-06-17T06:41:23+00:00\",\"dateModified\":\"2023-08-17T12:54:18+00:00\",\"breadcrumb\":{\"@id\":\"https:\/\/arhivacomisiuniimonumentelor.ro\/?page_id=66790#breadcrumb\"},\"inLanguage\":\"en-US\",\"potentialAction\":[{\"@type\":\"ReadAction\",\"target\":[\"https:\/\/arhivacomisiuniimonumentelor.ro\/?page_id=66790\"]}]},{\"@type\":\"ImageObject\",\"inLanguage\":\"en-US\",\"@id\":\"https:\/\/arhivacomisiuniimonumentelor.ro\/?page_id=66790#primaryimage\",\"url\":\"http:\/\/arhivacomisiuniimonumentelor.ro\/wp-content\/uploads\/comunicat-Back-up-A4-scaled.jpg\",\"contentUrl\":\"http:\/\/arhivacomisiuniimonumentelor.ro\/wp-content\/uploads\/comunicat-Back-up-A4-scaled.jpg\"},{\"@type\":\"BreadcrumbList\",\"@id\":\"https:\/\/arhivacomisiuniimonumentelor.ro\/?page_id=66790#breadcrumb\",\"itemListElement\":[{\"@type\":\"ListItem\",\"position\":1,\"name\":\"Home\",\"item\":\"https:\/\/arhivacomisiuniimonumentelor.ro\/\"},{\"@type\":\"ListItem\",\"position\":2,\"name\":\"Proiectul\"}]},{\"@type\":\"WebSite\",\"@id\":\"https:\/\/arhivacomisiuniimonumentelor.ro\/#website\",\"url\":\"https:\/\/arhivacomisiuniimonumentelor.ro\/\",\"name\":\"Back-up. Valorificarea arhivei istorice a Comisiunii Monumentelor Istorice\",\"description\":\"Back-up. Valorificarea arhivei istorice a Comisiunii Monumentelor Istorice\",\"publisher\":{\"@id\":\"https:\/\/arhivacomisiuniimonumentelor.ro\/#organization\"},\"potentialAction\":[{\"@type\":\"SearchAction\",\"target\":{\"@type\":\"EntryPoint\",\"urlTemplate\":\"https:\/\/arhivacomisiuniimonumentelor.ro\/?s={search_term_string}\"},\"query-input\":{\"@type\":\"PropertyValueSpecification\",\"valueRequired\":true,\"valueName\":\"search_term_string\"}}],\"inLanguage\":\"en-US\"},{\"@type\":\"Organization\",\"@id\":\"https:\/\/arhivacomisiuniimonumentelor.ro\/#organization\",\"name\":\"Institutul Na\u021bional al Patrimoniului\",\"url\":\"https:\/\/arhivacomisiuniimonumentelor.ro\/\",\"logo\":{\"@type\":\"ImageObject\",\"inLanguage\":\"en-US\",\"@id\":\"https:\/\/arhivacomisiuniimonumentelor.ro\/#\/schema\/logo\/image\/\",\"url\":\"http:\/\/arhivacomisiuniimonumentelor.ro\/wp-content\/uploads\/banner-digitizare-arhiva-istorica-scaled.jpg\",\"contentUrl\":\"http:\/\/arhivacomisiuniimonumentelor.ro\/wp-content\/uploads\/banner-digitizare-arhiva-istorica-scaled.jpg\",\"width\":2560,\"height\":675,\"caption\":\"Institutul Na\u021bional al Patrimoniului\"},\"image\":{\"@id\":\"https:\/\/arhivacomisiuniimonumentelor.ro\/#\/schema\/logo\/image\/\"}}]}<\/script>\r\n<!-- \/ Yoast SEO plugin. -->","yoast_head_json":{"title":"Proiectul - Back-up. Valorificarea arhivei istorice a Comisiunii Monumentelor Istorice","robots":{"index":"index","follow":"follow","max-snippet":"max-snippet:-1","max-image-preview":"max-image-preview:large","max-video-preview":"max-video-preview:-1"},"canonical":"https:\/\/arhivacomisiuniimonumentelor.ro\/?page_id=66790","og_locale":"en_US","og_type":"article","og_title":"Proiectul - Back-up. Valorificarea arhivei istorice a Comisiunii Monumentelor Istorice","og_description":"[vc_row][vc_column][vc_column_text]Back up- Valorificarea arhivei Istorice a Comisiunii Monumentelor Istorice Institutul Na\u0163ional al Patrimoniului a ini\u0163iat un proiect multianual, \u00een parteneriat cu Universitatea din Bucure\u015fti, cofinan\u0163at de AFCN, ce are ca scop conservarea, protejarea \u015fi valorificarea uneia dintre cele mai importante arhive istorice din Rom\u00e2nia, arhiva Comisiunii Monumentelor Istorice. \u00a0De-a lungul [&hellip;]","og_url":"https:\/\/arhivacomisiuniimonumentelor.ro\/?page_id=66790","og_site_name":"Back-up. Valorificarea arhivei istorice a Comisiunii Monumentelor Istorice","article_modified_time":"2023-08-17T12:54:18+00:00","og_image":[{"url":"http:\/\/arhivacomisiuniimonumentelor.ro\/wp-content\/uploads\/comunicat-Back-up-A4-scaled.jpg"}],"twitter_card":"summary_large_image","twitter_misc":{"Est. reading time":"2 minutes"},"schema":{"@context":"https:\/\/schema.org","@graph":[{"@type":"WebPage","@id":"https:\/\/arhivacomisiuniimonumentelor.ro\/?page_id=66790","url":"https:\/\/arhivacomisiuniimonumentelor.ro\/?page_id=66790","name":"Proiectul - Back-up. Valorificarea arhivei istorice a Comisiunii Monumentelor Istorice","isPartOf":{"@id":"https:\/\/arhivacomisiuniimonumentelor.ro\/#website"},"primaryImageOfPage":{"@id":"https:\/\/arhivacomisiuniimonumentelor.ro\/?page_id=66790#primaryimage"},"image":{"@id":"https:\/\/arhivacomisiuniimonumentelor.ro\/?page_id=66790#primaryimage"},"thumbnailUrl":"http:\/\/arhivacomisiuniimonumentelor.ro\/wp-content\/uploads\/comunicat-Back-up-A4-scaled.jpg","datePublished":"2020-06-17T06:41:23+00:00","dateModified":"2023-08-17T12:54:18+00:00","breadcrumb":{"@id":"https:\/\/arhivacomisiuniimonumentelor.ro\/?page_id=66790#breadcrumb"},"inLanguage":"en-US","potentialAction":[{"@type":"ReadAction","target":["https:\/\/arhivacomisiuniimonumentelor.ro\/?page_id=66790"]}]},{"@type":"ImageObject","inLanguage":"en-US","@id":"https:\/\/arhivacomisiuniimonumentelor.ro\/?page_id=66790#primaryimage","url":"http:\/\/arhivacomisiuniimonumentelor.ro\/wp-content\/uploads\/comunicat-Back-up-A4-scaled.jpg","contentUrl":"http:\/\/arhivacomisiuniimonumentelor.ro\/wp-content\/uploads\/comunicat-Back-up-A4-scaled.jpg"},{"@type":"BreadcrumbList","@id":"https:\/\/arhivacomisiuniimonumentelor.ro\/?page_id=66790#breadcrumb","itemListElement":[{"@type":"ListItem","position":1,"name":"Home","item":"https:\/\/arhivacomisiuniimonumentelor.ro\/"},{"@type":"ListItem","position":2,"name":"Proiectul"}]},{"@type":"WebSite","@id":"https:\/\/arhivacomisiuniimonumentelor.ro\/#website","url":"https:\/\/arhivacomisiuniimonumentelor.ro\/","name":"Back-up. Valorificarea arhivei istorice a Comisiunii Monumentelor Istorice","description":"Back-up. Valorificarea arhivei istorice a Comisiunii Monumentelor Istorice","publisher":{"@id":"https:\/\/arhivacomisiuniimonumentelor.ro\/#organization"},"potentialAction":[{"@type":"SearchAction","target":{"@type":"EntryPoint","urlTemplate":"https:\/\/arhivacomisiuniimonumentelor.ro\/?s={search_term_string}"},"query-input":{"@type":"PropertyValueSpecification","valueRequired":true,"valueName":"search_term_string"}}],"inLanguage":"en-US"},{"@type":"Organization","@id":"https:\/\/arhivacomisiuniimonumentelor.ro\/#organization","name":"Institutul Na\u021bional al Patrimoniului","url":"https:\/\/arhivacomisiuniimonumentelor.ro\/","logo":{"@type":"ImageObject","inLanguage":"en-US","@id":"https:\/\/arhivacomisiuniimonumentelor.ro\/#\/schema\/logo\/image\/","url":"http:\/\/arhivacomisiuniimonumentelor.ro\/wp-content\/uploads\/banner-digitizare-arhiva-istorica-scaled.jpg","contentUrl":"http:\/\/arhivacomisiuniimonumentelor.ro\/wp-content\/uploads\/banner-digitizare-arhiva-istorica-scaled.jpg","width":2560,"height":675,"caption":"Institutul Na\u021bional al Patrimoniului"},"image":{"@id":"https:\/\/arhivacomisiuniimonumentelor.ro\/#\/schema\/logo\/image\/"}}]}},"_links":{"self":[{"href":"http:\/\/arhivacomisiuniimonumentelor.ro\/index.php?rest_route=\/wp\/v2\/pages\/66790"}],"collection":[{"href":"http:\/\/arhivacomisiuniimonumentelor.ro\/index.php?rest_route=\/wp\/v2\/pages"}],"about":[{"href":"http:\/\/arhivacomisiuniimonumentelor.ro\/index.php?rest_route=\/wp\/v2\/types\/page"}],"author":[{"embeddable":true,"href":"http:\/\/arhivacomisiuniimonumentelor.ro\/index.php?rest_route=\/wp\/v2\/users\/1"}],"replies":[{"embeddable":true,"href":"http:\/\/arhivacomisiuniimonumentelor.ro\/index.php?rest_route=%2Fwp%2Fv2%2Fcomments&post=66790"}],"version-history":[{"count":4,"href":"http:\/\/arhivacomisiuniimonumentelor.ro\/index.php?rest_route=\/wp\/v2\/pages\/66790\/revisions"}],"predecessor-version":[{"id":109098,"href":"http:\/\/arhivacomisiuniimonumentelor.ro\/index.php?rest_route=\/wp\/v2\/pages\/66790\/revisions\/109098"}],"wp:attachment":[{"href":"http:\/\/arhivacomisiuniimonumentelor.ro\/index.php?rest_route=%2Fwp%2Fv2%2Fmedia&parent=66790"}],"curies":[{"name":"wp","href":"https:\/\/api.w.org\/{rel}","templated":true}]}}