{"id":66812,"date":"2020-06-17T07:02:56","date_gmt":"2020-06-17T07:02:56","guid":{"rendered":"http:\/\/arhivacomisiuniimonumentelor.ro\/?page_id=66812"},"modified":"2020-06-17T07:02:56","modified_gmt":"2020-06-17T07:02:56","slug":"ecouri","status":"publish","type":"page","link":"http:\/\/arhivacomisiuniimonumentelor.ro\/?page_id=66812","title":{"rendered":"Ecouri"},"content":{"rendered":"<p>In cadrul\u00a0 Simpozionului\u00a0 Interna\u0163ional \u201eMonumentul \u2013 Tradi\u0163ie \u015fi Viitor\u201d a XXI-a edi\u0163ie. Edi\u0163ia din acest an a avut loc \u00een perioada 3 \u2013 6 octombrie 2019 sub patronajul Prim\u0103riei Municipiului Ia\u015fi. Cu acest prilej a fost prezentat\u0103 expozi\u021bia dedicat\u0103 celor mai importante personalit\u0103\u021bi ce au activat in cadrul Comisiunii Monumentelor Istorice. Din problematica variat\u0103 a Comisiunii Monumentelor Istorice, am ales s\u0103 ilustr\u0103m activitatea prodigioas\u0103 a Pre\u0219edin\u021bilor acesteia, precum \u0219i a unora dintre membrii marcan\u021bi, a discu\u021biilor purtate, a punctelor de vedere exprimate, precum \u0219i a problemelor pe care le-au avut de \u00eenfruntat.<\/p>\n<p><a href=\"http:\/\/iasifun.ziaruldeiasi.ro\/expozitiile-trienala-de-restaurare-2019-editia-a-viii-a-si-back-up-valorificarea-arhivei-istorice-a-comisiunii-monumentelor-istorice-la-palatul-culturii-din-ias\/181315\/\">http:\/\/iasifun.ziaruldeiasi.ro\/expozitiile-trienala-de-restaurare-2019-editia-a-viii-a-si-back-up-valorificarea-arhivei-istorice-a-comisiunii-monumentelor-istorice-la-palatul-culturii-din-ias\/181315\/<\/a><\/p>\n<p><a href=\"https:\/\/www.bzi.ro\/back-up-valorificarea-arhivei-istorice-a-comisiunii-monumentelor-istorice-la-palatul-culturii-din-iasi-710870\">https:\/\/www.bzi.ro\/back-up-valorificarea-arhivei-istorice-a-comisiunii-monumentelor-istorice-la-palatul-culturii-din-iasi-710870<\/a><\/p>\n<p><a href=\"https:\/\/evenimentemuzeale.ro\/ro\/eveniment-cultural\/iasi-institutul-national-al-patrimoniului-deschide-seria-evenimentelor-back-up-cu-vernisajul-expozitei-valorificarea-arhivei-istorice-a-comisiunii-monumentelor-istorice\/\">https:\/\/evenimentemuzeale.ro\/ro\/eveniment-cultural\/iasi-institutul-national-al-patrimoniului-deschide-seria-evenimentelor-back-up-cu-vernisajul-expozitei-valorificarea-arhivei-istorice-a-comisiunii-monumentelor-istorice\/<\/a><\/p>\n<p><a href=\"https:\/\/culturainiasi.ro\/eveniment\/expozitiile-trienala-de-restaurare-2019-editia-a-viii-a-si-back-up-valorificarea-arhivei-istorice-a-comisiunii-monumentelor-istorice-la-palatul-culturii-din-ias\/\">https:\/\/culturainiasi.ro\/eveniment\/expozitiile-trienala-de-restaurare-2019-editia-a-viii-a-si-back-up-valorificarea-arhivei-istorice-a-comisiunii-monumentelor-istorice-la-palatul-culturii-din-ias\/<\/a><\/p>\n<p><a href=\"https:\/\/www.ultimele-stiri.eu\/articol\/back-up-valorificarea-arhivei-istorice-a-comisiunii-monumentelor-istorice-la-palatul-culturii-din-iasi\/5740965\">https:\/\/www.ultimele-stiri.eu\/articol\/back-up-valorificarea-arhivei-istorice-a-comisiunii-monumentelor-istorice-la-palatul-culturii-din-iasi\/5740965<\/a><\/p>\n<p><a href=\"https:\/\/www.ziarelive.ro\/stiri\/expozitiile-trienala-de-restaurare-2019-si-back-up-valorificarea-arhivei-istorice-a-comisiunii-monumentelor-istorice-la-iasi.html\">https:\/\/www.ziarelive.ro\/stiri\/expozitiile-trienala-de-restaurare-2019-si-back-up-valorificarea-arhivei-istorice-a-comisiunii-monumentelor-istorice-la-iasi.html<\/a><\/p>\n<p><a href=\"https:\/\/stireadeiasi.ro\/stiri-locale-iasi\/monumentul-traditie-si-viitor-simpozion-de-anvergura-internationala-ajuns-la-editia-a-xxi-a\/\">https:\/\/stireadeiasi.ro\/stiri-locale-iasi\/monumentul-traditie-si-viitor-simpozion-de-anvergura-internationala-ajuns-la-editia-a-xxi-a\/<\/a><\/p>\n<p>&nbsp;<\/p>\n<p>Expozi\u021bia a fost itinerat\u0103 \u0219i la Galati , fiind deschis\u0103 la sediul Centrului Multicultural \u201eDun\u0103rea de Jos\u201d, Str. Domneasc\u0103 nr. 61.<\/p>\n<p><a href=\"https:\/\/galati365.ro\/cultura-educatie\/back-up-valorificarea-arhivei-istorice-a-comisiunii-monumentelor-istorice\/\">https:\/\/galati365.ro\/cultura-educatie\/back-up-valorificarea-arhivei-istorice-a-comisiunii-monumentelor-istorice\/<\/a><\/p>\n<p><a href=\"http:\/\/reperul.ro\/back-up-valorificarea-arhivei-istorice-a-comisiunii-monumentelor-istorice\/\">http:\/\/reperul.ro\/back-up-valorificarea-arhivei-istorice-a-comisiunii-monumentelor-istorice\/<\/a><\/p>\n","protected":false},"excerpt":{"rendered":"<p>In cadrul\u00a0 Simpozionului\u00a0 Interna\u0163ional \u201eMonumentul \u2013 Tradi\u0163ie \u015fi Viitor\u201d a XXI-a edi\u0163ie. Edi\u0163ia din acest an a avut loc \u00een perioada 3 \u2013 6 octombrie 2019 sub patronajul Prim\u0103riei Municipiului Ia\u015fi. Cu acest prilej a fost prezentat\u0103 expozi\u021bia dedicat\u0103 celor mai importante personalit\u0103\u021bi ce au activat in cadrul Comisiunii Monumentelor [&hellip;]<\/p>\n","protected":false},"author":1,"featured_media":0,"parent":0,"menu_order":0,"comment_status":"closed","ping_status":"closed","template":"","meta":{"footnotes":""},"class_list":["post-66812","page","type-page","status-publish","hentry"],"acf":[],"yoast_head":"<!-- This site is optimized with the Yoast SEO plugin v23.4 - https:\/\/yoast.com\/wordpress\/plugins\/seo\/ -->\r\n<title>Ecouri - Back-up. Valorificarea arhivei istorice a Comisiunii Monumentelor Istorice<\/title>\r\n<meta name=\"robots\" content=\"index, follow, max-snippet:-1, max-image-preview:large, max-video-preview:-1\" \/>\r\n<link rel=\"canonical\" href=\"http:\/\/arhivacomisiuniimonumentelor.ro\/?page_id=66812\" \/>\r\n<meta property=\"og:locale\" content=\"en_US\" \/>\r\n<meta property=\"og:type\" content=\"article\" \/>\r\n<meta property=\"og:title\" content=\"Ecouri - Back-up. Valorificarea arhivei istorice a Comisiunii Monumentelor Istorice\" \/>\r\n<meta property=\"og:description\" content=\"In cadrul\u00a0 Simpozionului\u00a0 Interna\u0163ional \u201eMonumentul \u2013 Tradi\u0163ie \u015fi Viitor\u201d a XXI-a edi\u0163ie. Edi\u0163ia din acest an a avut loc \u00een perioada 3 \u2013 6 octombrie 2019 sub patronajul Prim\u0103riei Municipiului Ia\u015fi. Cu acest prilej a fost prezentat\u0103 expozi\u021bia dedicat\u0103 celor mai importante personalit\u0103\u021bi ce au activat in cadrul Comisiunii Monumentelor [&hellip;]\" \/>\r\n<meta property=\"og:url\" content=\"http:\/\/arhivacomisiuniimonumentelor.ro\/?page_id=66812\" \/>\r\n<meta property=\"og:site_name\" content=\"Back-up. Valorificarea arhivei istorice a Comisiunii Monumentelor Istorice\" \/>\r\n<meta name=\"twitter:card\" content=\"summary_large_image\" \/>\r\n<meta name=\"twitter:label1\" content=\"Est. reading time\" \/>\n\t<meta name=\"twitter:data1\" content=\"1 minute\" \/>\r\n<script type=\"application\/ld+json\" class=\"yoast-schema-graph\">{\"@context\":\"https:\/\/schema.org\",\"@graph\":[{\"@type\":\"WebPage\",\"@id\":\"http:\/\/arhivacomisiuniimonumentelor.ro\/?page_id=66812\",\"url\":\"http:\/\/arhivacomisiuniimonumentelor.ro\/?page_id=66812\",\"name\":\"Ecouri - Back-up. Valorificarea arhivei istorice a Comisiunii Monumentelor Istorice\",\"isPartOf\":{\"@id\":\"https:\/\/arhivacomisiuniimonumentelor.ro\/#website\"},\"datePublished\":\"2020-06-17T07:02:56+00:00\",\"dateModified\":\"2020-06-17T07:02:56+00:00\",\"breadcrumb\":{\"@id\":\"http:\/\/arhivacomisiuniimonumentelor.ro\/?page_id=66812#breadcrumb\"},\"inLanguage\":\"en-US\",\"potentialAction\":[{\"@type\":\"ReadAction\",\"target\":[\"http:\/\/arhivacomisiuniimonumentelor.ro\/?page_id=66812\"]}]},{\"@type\":\"BreadcrumbList\",\"@id\":\"http:\/\/arhivacomisiuniimonumentelor.ro\/?page_id=66812#breadcrumb\",\"itemListElement\":[{\"@type\":\"ListItem\",\"position\":1,\"name\":\"Home\",\"item\":\"https:\/\/arhivacomisiuniimonumentelor.ro\/\"},{\"@type\":\"ListItem\",\"position\":2,\"name\":\"Ecouri\"}]},{\"@type\":\"WebSite\",\"@id\":\"https:\/\/arhivacomisiuniimonumentelor.ro\/#website\",\"url\":\"https:\/\/arhivacomisiuniimonumentelor.ro\/\",\"name\":\"Back-up. Valorificarea arhivei istorice a Comisiunii Monumentelor Istorice\",\"description\":\"Back-up. Valorificarea arhivei istorice a Comisiunii Monumentelor Istorice\",\"publisher\":{\"@id\":\"https:\/\/arhivacomisiuniimonumentelor.ro\/#organization\"},\"potentialAction\":[{\"@type\":\"SearchAction\",\"target\":{\"@type\":\"EntryPoint\",\"urlTemplate\":\"https:\/\/arhivacomisiuniimonumentelor.ro\/?s={search_term_string}\"},\"query-input\":{\"@type\":\"PropertyValueSpecification\",\"valueRequired\":true,\"valueName\":\"search_term_string\"}}],\"inLanguage\":\"en-US\"},{\"@type\":\"Organization\",\"@id\":\"https:\/\/arhivacomisiuniimonumentelor.ro\/#organization\",\"name\":\"Institutul Na\u021bional al Patrimoniului\",\"url\":\"https:\/\/arhivacomisiuniimonumentelor.ro\/\",\"logo\":{\"@type\":\"ImageObject\",\"inLanguage\":\"en-US\",\"@id\":\"https:\/\/arhivacomisiuniimonumentelor.ro\/#\/schema\/logo\/image\/\",\"url\":\"http:\/\/arhivacomisiuniimonumentelor.ro\/wp-content\/uploads\/banner-digitizare-arhiva-istorica-scaled.jpg\",\"contentUrl\":\"http:\/\/arhivacomisiuniimonumentelor.ro\/wp-content\/uploads\/banner-digitizare-arhiva-istorica-scaled.jpg\",\"width\":2560,\"height\":675,\"caption\":\"Institutul Na\u021bional al Patrimoniului\"},\"image\":{\"@id\":\"https:\/\/arhivacomisiuniimonumentelor.ro\/#\/schema\/logo\/image\/\"}}]}<\/script>\r\n<!-- \/ Yoast SEO plugin. -->","yoast_head_json":{"title":"Ecouri - Back-up. Valorificarea arhivei istorice a Comisiunii Monumentelor Istorice","robots":{"index":"index","follow":"follow","max-snippet":"max-snippet:-1","max-image-preview":"max-image-preview:large","max-video-preview":"max-video-preview:-1"},"canonical":"http:\/\/arhivacomisiuniimonumentelor.ro\/?page_id=66812","og_locale":"en_US","og_type":"article","og_title":"Ecouri - Back-up. Valorificarea arhivei istorice a Comisiunii Monumentelor Istorice","og_description":"In cadrul\u00a0 Simpozionului\u00a0 Interna\u0163ional \u201eMonumentul \u2013 Tradi\u0163ie \u015fi Viitor\u201d a XXI-a edi\u0163ie. Edi\u0163ia din acest an a avut loc \u00een perioada 3 \u2013 6 octombrie 2019 sub patronajul Prim\u0103riei Municipiului Ia\u015fi. Cu acest prilej a fost prezentat\u0103 expozi\u021bia dedicat\u0103 celor mai importante personalit\u0103\u021bi ce au activat in cadrul Comisiunii Monumentelor [&hellip;]","og_url":"http:\/\/arhivacomisiuniimonumentelor.ro\/?page_id=66812","og_site_name":"Back-up. Valorificarea arhivei istorice a Comisiunii Monumentelor Istorice","twitter_card":"summary_large_image","twitter_misc":{"Est. reading time":"1 minute"},"schema":{"@context":"https:\/\/schema.org","@graph":[{"@type":"WebPage","@id":"http:\/\/arhivacomisiuniimonumentelor.ro\/?page_id=66812","url":"http:\/\/arhivacomisiuniimonumentelor.ro\/?page_id=66812","name":"Ecouri - Back-up. Valorificarea arhivei istorice a Comisiunii Monumentelor Istorice","isPartOf":{"@id":"https:\/\/arhivacomisiuniimonumentelor.ro\/#website"},"datePublished":"2020-06-17T07:02:56+00:00","dateModified":"2020-06-17T07:02:56+00:00","breadcrumb":{"@id":"http:\/\/arhivacomisiuniimonumentelor.ro\/?page_id=66812#breadcrumb"},"inLanguage":"en-US","potentialAction":[{"@type":"ReadAction","target":["http:\/\/arhivacomisiuniimonumentelor.ro\/?page_id=66812"]}]},{"@type":"BreadcrumbList","@id":"http:\/\/arhivacomisiuniimonumentelor.ro\/?page_id=66812#breadcrumb","itemListElement":[{"@type":"ListItem","position":1,"name":"Home","item":"https:\/\/arhivacomisiuniimonumentelor.ro\/"},{"@type":"ListItem","position":2,"name":"Ecouri"}]},{"@type":"WebSite","@id":"https:\/\/arhivacomisiuniimonumentelor.ro\/#website","url":"https:\/\/arhivacomisiuniimonumentelor.ro\/","name":"Back-up. Valorificarea arhivei istorice a Comisiunii Monumentelor Istorice","description":"Back-up. Valorificarea arhivei istorice a Comisiunii Monumentelor Istorice","publisher":{"@id":"https:\/\/arhivacomisiuniimonumentelor.ro\/#organization"},"potentialAction":[{"@type":"SearchAction","target":{"@type":"EntryPoint","urlTemplate":"https:\/\/arhivacomisiuniimonumentelor.ro\/?s={search_term_string}"},"query-input":{"@type":"PropertyValueSpecification","valueRequired":true,"valueName":"search_term_string"}}],"inLanguage":"en-US"},{"@type":"Organization","@id":"https:\/\/arhivacomisiuniimonumentelor.ro\/#organization","name":"Institutul Na\u021bional al Patrimoniului","url":"https:\/\/arhivacomisiuniimonumentelor.ro\/","logo":{"@type":"ImageObject","inLanguage":"en-US","@id":"https:\/\/arhivacomisiuniimonumentelor.ro\/#\/schema\/logo\/image\/","url":"http:\/\/arhivacomisiuniimonumentelor.ro\/wp-content\/uploads\/banner-digitizare-arhiva-istorica-scaled.jpg","contentUrl":"http:\/\/arhivacomisiuniimonumentelor.ro\/wp-content\/uploads\/banner-digitizare-arhiva-istorica-scaled.jpg","width":2560,"height":675,"caption":"Institutul Na\u021bional al Patrimoniului"},"image":{"@id":"https:\/\/arhivacomisiuniimonumentelor.ro\/#\/schema\/logo\/image\/"}}]}},"_links":{"self":[{"href":"http:\/\/arhivacomisiuniimonumentelor.ro\/index.php?rest_route=\/wp\/v2\/pages\/66812"}],"collection":[{"href":"http:\/\/arhivacomisiuniimonumentelor.ro\/index.php?rest_route=\/wp\/v2\/pages"}],"about":[{"href":"http:\/\/arhivacomisiuniimonumentelor.ro\/index.php?rest_route=\/wp\/v2\/types\/page"}],"author":[{"embeddable":true,"href":"http:\/\/arhivacomisiuniimonumentelor.ro\/index.php?rest_route=\/wp\/v2\/users\/1"}],"replies":[{"embeddable":true,"href":"http:\/\/arhivacomisiuniimonumentelor.ro\/index.php?rest_route=%2Fwp%2Fv2%2Fcomments&post=66812"}],"version-history":[{"count":0,"href":"http:\/\/arhivacomisiuniimonumentelor.ro\/index.php?rest_route=\/wp\/v2\/pages\/66812\/revisions"}],"wp:attachment":[{"href":"http:\/\/arhivacomisiuniimonumentelor.ro\/index.php?rest_route=%2Fwp%2Fv2%2Fmedia&parent=66812"}],"curies":[{"name":"wp","href":"https:\/\/api.w.org\/{rel}","templated":true}]}}