{"id":8649,"date":"2019-10-29T10:23:15","date_gmt":"2019-10-29T10:23:15","guid":{"rendered":"http:\/\/arhivacomisiuniimonumentelor.ro\/?page_id=8649"},"modified":"2020-06-17T06:53:49","modified_gmt":"2020-06-17T06:53:49","slug":"simpozionul-international-monumentul-traditie-si-viitor-iasi-3-6-octombrie-2019","status":"publish","type":"page","link":"http:\/\/arhivacomisiuniimonumentelor.ro\/?page_id=8649","title":{"rendered":"Simpozionul Interna\u021bional Monumentul \u2013 Tradi\u021bie \u0219i Viitor, Ia\u0219i, 3-6 octombrie 2019"},"content":{"rendered":"<p>\u00cen cadrul simpozionului de anvergur\u0103 \u00a0interna\u021bional\u0103 \u00a0\u201eMonumentul \u2013 Tradi\u021bie \u0219i Viitor\u201d, ajuns \u00een anul 2019, la edi\u021bia a XXI-a, <strong>Institutului Na\u021bional al Patrimoniului<\/strong>, prin Departamentul Programe, Proiecte, Promovare \u0219i Metodologii, a vernisat expozi\u021bia <strong><em>BACK UP \u2013 Valorificarea arhivei istorice a Comisiei Monumentelor Istorice<\/em><\/strong>, parte a proiectului multianual cu acela\u0219i nume, ce beneficiaz\u0103 de finan\u021bare nerambursabil\u0103 din partea Administra\u021biei Fondului Cultural Na\u021bional.<\/p>\n<p>Expozi\u021bia a fost vernisat\u0103 la Palatul Culturii din Ia\u0219i, \u00een data de 3 octombrie 2019, \u00een ziua deschiderii edi\u021biei din 2019 \u0219i a fost deschis\u0103 publicului p\u00e2n\u0103 \u00een data de 15 octombrie 2019. Manifestarea, ce reune\u0219te speciali\u0219ti din Ministerul Culturii \u0219i Identit\u0103\u021bii Na\u021bionale, Academiei Rom\u00e2ne, Institutului Na\u021bional al Patrimoniului, din universit\u0103\u021bi, muzee, institute din domeniile cercet\u0103rii, conserv\u0103rii \u0219i restaur\u0103rii monumentelor istorice, institu\u021bii de cultur\u0103, din \u021bar\u0103 \u0219i str\u0103in\u0103tate, s-a desf\u0103\u0219urat \u00een perioada 3-6 octombrie, \u00een municipiul Ia\u0219i, la Muzeul Municipal \u201eRegina Maria\u201d.<\/p>\n<p>Expozi\u021bia realizat\u0103 de echipa Institutului Na\u021bional al Patrimoniului, referitoare la Comisiunea Monumentelor Istorice (1892-1948), prezint\u0103, \u00een cadrul a 12 panouri expozi\u021bionale, cei 8 pre\u0219edin\u021bi ai Comisiunii Monumentelor Istorice, precum \u0219i patru membrii marcan\u021bi ai Comisiunii, originari din Moldova: Vasile P\u00e2rvan, istoric (membru \u00eentre anii 1910-1927), Gheorghe Bal\u0219, arhitect (membru \u00eentre anii 1913-1934), Ermil A. Pangrati, inginer (membru \u00eentre anii 1911-1915) \u0219i Arthur Verona, pictor (membru \u00eentre anii 1919-1946).<\/p>\n<p>Doi membrii ai echipei Institutului Na\u021bional Patrimoniului, dr. arhg. Daniela Mihai \u0219i dr. ist. Florentina Udrea, au sus\u021binut comunic\u0103ri \u00een cadrul temei \u201eArhitec\u021bi \u00een an aniversar: Nicolae Ghika-Bude\u0219ti -150 ani de la na\u0219tere\u201d, comunic\u0103ri despre arhitectul Nicolae Ghika-Bude\u0219ti, arhitect \u0219ef al Serviciului Tehnic al Comisiunii Monumentelor Istorice \u0219i arheologul Vasile P\u00e2rvan, membru important al Comisiunii \u0219i fondator al noii \u0219coli rom\u00e2ne\u0219ti de arheologie .<\/p>\n<p>&nbsp;<\/p>\n<div id='gallery-1' class='gallery galleryid-8649 gallery-columns-3 gallery-size-thumbnail'><figure class='gallery-item'>\n\t\t\t<div class='gallery-icon portrait'>\n\t\t\t\t<a href='http:\/\/arhivacomisiuniimonumentelor.ro\/wp-content\/uploads\/2019\/10\/Afis-2.jpg'><img loading=\"lazy\" decoding=\"async\" width=\"150\" height=\"150\" src=\"http:\/\/arhivacomisiuniimonumentelor.ro\/wp-content\/uploads\/2019\/10\/Afis-2-150x150.jpg\" class=\"attachment-thumbnail size-thumbnail\" alt=\"\" \/><\/a>\n\t\t\t<\/div><\/figure><figure class='gallery-item'>\n\t\t\t<div class='gallery-icon landscape'>\n\t\t\t\t<a href='http:\/\/arhivacomisiuniimonumentelor.ro\/wp-content\/uploads\/2019\/10\/IMG-20191024-WA0001.jpg'><img loading=\"lazy\" decoding=\"async\" width=\"150\" height=\"150\" src=\"http:\/\/arhivacomisiuniimonumentelor.ro\/wp-content\/uploads\/2019\/10\/IMG-20191024-WA0001-150x150.jpg\" class=\"attachment-thumbnail size-thumbnail\" alt=\"\" \/><\/a>\n\t\t\t<\/div><\/figure><figure class='gallery-item'>\n\t\t\t<div class='gallery-icon landscape'>\n\t\t\t\t<a href='http:\/\/arhivacomisiuniimonumentelor.ro\/wp-content\/uploads\/2019\/10\/IMG-20191024-WA0003.jpg'><img loading=\"lazy\" decoding=\"async\" width=\"150\" height=\"150\" src=\"http:\/\/arhivacomisiuniimonumentelor.ro\/wp-content\/uploads\/2019\/10\/IMG-20191024-WA0003-150x150.jpg\" class=\"attachment-thumbnail size-thumbnail\" alt=\"\" \/><\/a>\n\t\t\t<\/div><\/figure><figure class='gallery-item'>\n\t\t\t<div class='gallery-icon landscape'>\n\t\t\t\t<a href='http:\/\/arhivacomisiuniimonumentelor.ro\/wp-content\/uploads\/2019\/10\/IMG-20191024-WA0006.jpg'><img loading=\"lazy\" decoding=\"async\" width=\"150\" height=\"150\" src=\"http:\/\/arhivacomisiuniimonumentelor.ro\/wp-content\/uploads\/2019\/10\/IMG-20191024-WA0006-150x150.jpg\" class=\"attachment-thumbnail size-thumbnail\" alt=\"\" \/><\/a>\n\t\t\t<\/div><\/figure><figure class='gallery-item'>\n\t\t\t<div class='gallery-icon landscape'>\n\t\t\t\t<a href='http:\/\/arhivacomisiuniimonumentelor.ro\/wp-content\/uploads\/2019\/10\/IMG-20191024-WA0012.jpg'><img loading=\"lazy\" decoding=\"async\" width=\"150\" height=\"150\" src=\"http:\/\/arhivacomisiuniimonumentelor.ro\/wp-content\/uploads\/2019\/10\/IMG-20191024-WA0012-150x150.jpg\" class=\"attachment-thumbnail size-thumbnail\" alt=\"\" \/><\/a>\n\t\t\t<\/div><\/figure><figure class='gallery-item'>\n\t\t\t<div class='gallery-icon landscape'>\n\t\t\t\t<a href='http:\/\/arhivacomisiuniimonumentelor.ro\/wp-content\/uploads\/2019\/10\/IMG-20191024-WA0018.jpg'><img loading=\"lazy\" decoding=\"async\" width=\"150\" height=\"150\" src=\"http:\/\/arhivacomisiuniimonumentelor.ro\/wp-content\/uploads\/2019\/10\/IMG-20191024-WA0018-150x150.jpg\" class=\"attachment-thumbnail size-thumbnail\" alt=\"\" \/><\/a>\n\t\t\t<\/div><\/figure><figure class='gallery-item'>\n\t\t\t<div class='gallery-icon portrait'>\n\t\t\t\t<a href='http:\/\/arhivacomisiuniimonumentelor.ro\/wp-content\/uploads\/2019\/10\/IMG-20191024-WA0023.jpg'><img loading=\"lazy\" decoding=\"async\" width=\"150\" height=\"150\" src=\"http:\/\/arhivacomisiuniimonumentelor.ro\/wp-content\/uploads\/2019\/10\/IMG-20191024-WA0023-150x150.jpg\" class=\"attachment-thumbnail size-thumbnail\" alt=\"\" \/><\/a>\n\t\t\t<\/div><\/figure>\n\t\t<\/div>\n\n<p>&nbsp;<\/p>\n<p>&nbsp;<\/p>\n<p>&nbsp;<\/p>\n","protected":false},"excerpt":{"rendered":"<p>\u00cen cadrul simpozionului de anvergur\u0103 \u00a0interna\u021bional\u0103 \u00a0\u201eMonumentul \u2013 Tradi\u021bie \u0219i Viitor\u201d, ajuns \u00een anul 2019, la edi\u021bia a XXI-a, Institutului Na\u021bional al Patrimoniului, prin Departamentul Programe, Proiecte, Promovare \u0219i Metodologii, a vernisat expozi\u021bia BACK UP \u2013 Valorificarea arhivei istorice a Comisiei Monumentelor Istorice, parte a proiectului multianual cu acela\u0219i nume, [&hellip;]<\/p>\n","protected":false},"author":1,"featured_media":8662,"parent":0,"menu_order":7,"comment_status":"closed","ping_status":"closed","template":"","meta":{"footnotes":""},"class_list":["post-8649","page","type-page","status-publish","has-post-thumbnail","hentry"],"acf":[],"yoast_head":"<!-- This site is optimized with the Yoast SEO plugin v23.4 - https:\/\/yoast.com\/wordpress\/plugins\/seo\/ -->\r\n<title>Simpozionul Interna\u021bional Monumentul \u2013 Tradi\u021bie \u0219i Viitor, Ia\u0219i, 3-6 octombrie 2019 - Back-up. Valorificarea arhivei istorice a Comisiunii Monumentelor Istorice<\/title>\r\n<meta name=\"robots\" content=\"index, follow, max-snippet:-1, max-image-preview:large, max-video-preview:-1\" \/>\r\n<link rel=\"canonical\" href=\"https:\/\/arhivacomisiuniimonumentelor.ro\/?page_id=8649\" \/>\r\n<meta property=\"og:locale\" content=\"en_US\" \/>\r\n<meta property=\"og:type\" content=\"article\" \/>\r\n<meta property=\"og:title\" content=\"Simpozionul Interna\u021bional Monumentul \u2013 Tradi\u021bie \u0219i Viitor, Ia\u0219i, 3-6 octombrie 2019 - Back-up. Valorificarea arhivei istorice a Comisiunii Monumentelor Istorice\" \/>\r\n<meta property=\"og:description\" content=\"\u00cen cadrul simpozionului de anvergur\u0103 \u00a0interna\u021bional\u0103 \u00a0\u201eMonumentul \u2013 Tradi\u021bie \u0219i Viitor\u201d, ajuns \u00een anul 2019, la edi\u021bia a XXI-a, Institutului Na\u021bional al Patrimoniului, prin Departamentul Programe, Proiecte, Promovare \u0219i Metodologii, a vernisat expozi\u021bia BACK UP \u2013 Valorificarea arhivei istorice a Comisiei Monumentelor Istorice, parte a proiectului multianual cu acela\u0219i nume, [&hellip;]\" \/>\r\n<meta property=\"og:url\" content=\"https:\/\/arhivacomisiuniimonumentelor.ro\/?page_id=8649\" \/>\r\n<meta property=\"og:site_name\" content=\"Back-up. Valorificarea arhivei istorice a Comisiunii Monumentelor Istorice\" \/>\r\n<meta property=\"article:modified_time\" content=\"2020-06-17T06:53:49+00:00\" \/>\r\n<meta property=\"og:image\" content=\"https:\/\/arhivacomisiuniimonumentelor.ro\/wp-content\/uploads\/2019\/10\/Afis-2.jpg\" \/>\r\n\t<meta property=\"og:image:width\" content=\"2143\" \/>\r\n\t<meta property=\"og:image:height\" content=\"3000\" \/>\r\n\t<meta property=\"og:image:type\" content=\"image\/jpeg\" \/>\r\n<meta name=\"twitter:card\" content=\"summary_large_image\" \/>\r\n<meta name=\"twitter:label1\" content=\"Est. reading time\" \/>\n\t<meta name=\"twitter:data1\" content=\"2 minutes\" \/>\r\n<script type=\"application\/ld+json\" class=\"yoast-schema-graph\">{\"@context\":\"https:\/\/schema.org\",\"@graph\":[{\"@type\":\"WebPage\",\"@id\":\"https:\/\/arhivacomisiuniimonumentelor.ro\/?page_id=8649\",\"url\":\"https:\/\/arhivacomisiuniimonumentelor.ro\/?page_id=8649\",\"name\":\"Simpozionul Interna\u021bional Monumentul \u2013 Tradi\u021bie \u0219i Viitor, Ia\u0219i, 3-6 octombrie 2019 - Back-up. Valorificarea arhivei istorice a Comisiunii Monumentelor Istorice\",\"isPartOf\":{\"@id\":\"https:\/\/arhivacomisiuniimonumentelor.ro\/#website\"},\"primaryImageOfPage\":{\"@id\":\"https:\/\/arhivacomisiuniimonumentelor.ro\/?page_id=8649#primaryimage\"},\"image\":{\"@id\":\"https:\/\/arhivacomisiuniimonumentelor.ro\/?page_id=8649#primaryimage\"},\"thumbnailUrl\":\"http:\/\/arhivacomisiuniimonumentelor.ro\/wp-content\/uploads\/2019\/10\/Afis-2.jpg\",\"datePublished\":\"2019-10-29T10:23:15+00:00\",\"dateModified\":\"2020-06-17T06:53:49+00:00\",\"breadcrumb\":{\"@id\":\"https:\/\/arhivacomisiuniimonumentelor.ro\/?page_id=8649#breadcrumb\"},\"inLanguage\":\"en-US\",\"potentialAction\":[{\"@type\":\"ReadAction\",\"target\":[\"https:\/\/arhivacomisiuniimonumentelor.ro\/?page_id=8649\"]}]},{\"@type\":\"ImageObject\",\"inLanguage\":\"en-US\",\"@id\":\"https:\/\/arhivacomisiuniimonumentelor.ro\/?page_id=8649#primaryimage\",\"url\":\"http:\/\/arhivacomisiuniimonumentelor.ro\/wp-content\/uploads\/2019\/10\/Afis-2.jpg\",\"contentUrl\":\"http:\/\/arhivacomisiuniimonumentelor.ro\/wp-content\/uploads\/2019\/10\/Afis-2.jpg\",\"width\":2143,\"height\":3000},{\"@type\":\"BreadcrumbList\",\"@id\":\"https:\/\/arhivacomisiuniimonumentelor.ro\/?page_id=8649#breadcrumb\",\"itemListElement\":[{\"@type\":\"ListItem\",\"position\":1,\"name\":\"Home\",\"item\":\"https:\/\/arhivacomisiuniimonumentelor.ro\/\"},{\"@type\":\"ListItem\",\"position\":2,\"name\":\"Simpozionul Interna\u021bional Monumentul \u2013 Tradi\u021bie \u0219i Viitor, Ia\u0219i, 3-6 octombrie 2019\"}]},{\"@type\":\"WebSite\",\"@id\":\"https:\/\/arhivacomisiuniimonumentelor.ro\/#website\",\"url\":\"https:\/\/arhivacomisiuniimonumentelor.ro\/\",\"name\":\"Back-up. Valorificarea arhivei istorice a Comisiunii Monumentelor Istorice\",\"description\":\"Back-up. Valorificarea arhivei istorice a Comisiunii Monumentelor Istorice\",\"publisher\":{\"@id\":\"https:\/\/arhivacomisiuniimonumentelor.ro\/#organization\"},\"potentialAction\":[{\"@type\":\"SearchAction\",\"target\":{\"@type\":\"EntryPoint\",\"urlTemplate\":\"https:\/\/arhivacomisiuniimonumentelor.ro\/?s={search_term_string}\"},\"query-input\":{\"@type\":\"PropertyValueSpecification\",\"valueRequired\":true,\"valueName\":\"search_term_string\"}}],\"inLanguage\":\"en-US\"},{\"@type\":\"Organization\",\"@id\":\"https:\/\/arhivacomisiuniimonumentelor.ro\/#organization\",\"name\":\"Institutul Na\u021bional al Patrimoniului\",\"url\":\"https:\/\/arhivacomisiuniimonumentelor.ro\/\",\"logo\":{\"@type\":\"ImageObject\",\"inLanguage\":\"en-US\",\"@id\":\"https:\/\/arhivacomisiuniimonumentelor.ro\/#\/schema\/logo\/image\/\",\"url\":\"http:\/\/arhivacomisiuniimonumentelor.ro\/wp-content\/uploads\/banner-digitizare-arhiva-istorica-scaled.jpg\",\"contentUrl\":\"http:\/\/arhivacomisiuniimonumentelor.ro\/wp-content\/uploads\/banner-digitizare-arhiva-istorica-scaled.jpg\",\"width\":2560,\"height\":675,\"caption\":\"Institutul Na\u021bional al Patrimoniului\"},\"image\":{\"@id\":\"https:\/\/arhivacomisiuniimonumentelor.ro\/#\/schema\/logo\/image\/\"}}]}<\/script>\r\n<!-- \/ Yoast SEO plugin. -->","yoast_head_json":{"title":"Simpozionul Interna\u021bional Monumentul \u2013 Tradi\u021bie \u0219i Viitor, Ia\u0219i, 3-6 octombrie 2019 - Back-up. Valorificarea arhivei istorice a Comisiunii Monumentelor Istorice","robots":{"index":"index","follow":"follow","max-snippet":"max-snippet:-1","max-image-preview":"max-image-preview:large","max-video-preview":"max-video-preview:-1"},"canonical":"https:\/\/arhivacomisiuniimonumentelor.ro\/?page_id=8649","og_locale":"en_US","og_type":"article","og_title":"Simpozionul Interna\u021bional Monumentul \u2013 Tradi\u021bie \u0219i Viitor, Ia\u0219i, 3-6 octombrie 2019 - Back-up. Valorificarea arhivei istorice a Comisiunii Monumentelor Istorice","og_description":"\u00cen cadrul simpozionului de anvergur\u0103 \u00a0interna\u021bional\u0103 \u00a0\u201eMonumentul \u2013 Tradi\u021bie \u0219i Viitor\u201d, ajuns \u00een anul 2019, la edi\u021bia a XXI-a, Institutului Na\u021bional al Patrimoniului, prin Departamentul Programe, Proiecte, Promovare \u0219i Metodologii, a vernisat expozi\u021bia BACK UP \u2013 Valorificarea arhivei istorice a Comisiei Monumentelor Istorice, parte a proiectului multianual cu acela\u0219i nume, [&hellip;]","og_url":"https:\/\/arhivacomisiuniimonumentelor.ro\/?page_id=8649","og_site_name":"Back-up. Valorificarea arhivei istorice a Comisiunii Monumentelor Istorice","article_modified_time":"2020-06-17T06:53:49+00:00","og_image":[{"width":2143,"height":3000,"url":"https:\/\/arhivacomisiuniimonumentelor.ro\/wp-content\/uploads\/2019\/10\/Afis-2.jpg","type":"image\/jpeg"}],"twitter_card":"summary_large_image","twitter_misc":{"Est. reading time":"2 minutes"},"schema":{"@context":"https:\/\/schema.org","@graph":[{"@type":"WebPage","@id":"https:\/\/arhivacomisiuniimonumentelor.ro\/?page_id=8649","url":"https:\/\/arhivacomisiuniimonumentelor.ro\/?page_id=8649","name":"Simpozionul Interna\u021bional Monumentul \u2013 Tradi\u021bie \u0219i Viitor, Ia\u0219i, 3-6 octombrie 2019 - Back-up. Valorificarea arhivei istorice a Comisiunii Monumentelor Istorice","isPartOf":{"@id":"https:\/\/arhivacomisiuniimonumentelor.ro\/#website"},"primaryImageOfPage":{"@id":"https:\/\/arhivacomisiuniimonumentelor.ro\/?page_id=8649#primaryimage"},"image":{"@id":"https:\/\/arhivacomisiuniimonumentelor.ro\/?page_id=8649#primaryimage"},"thumbnailUrl":"http:\/\/arhivacomisiuniimonumentelor.ro\/wp-content\/uploads\/2019\/10\/Afis-2.jpg","datePublished":"2019-10-29T10:23:15+00:00","dateModified":"2020-06-17T06:53:49+00:00","breadcrumb":{"@id":"https:\/\/arhivacomisiuniimonumentelor.ro\/?page_id=8649#breadcrumb"},"inLanguage":"en-US","potentialAction":[{"@type":"ReadAction","target":["https:\/\/arhivacomisiuniimonumentelor.ro\/?page_id=8649"]}]},{"@type":"ImageObject","inLanguage":"en-US","@id":"https:\/\/arhivacomisiuniimonumentelor.ro\/?page_id=8649#primaryimage","url":"http:\/\/arhivacomisiuniimonumentelor.ro\/wp-content\/uploads\/2019\/10\/Afis-2.jpg","contentUrl":"http:\/\/arhivacomisiuniimonumentelor.ro\/wp-content\/uploads\/2019\/10\/Afis-2.jpg","width":2143,"height":3000},{"@type":"BreadcrumbList","@id":"https:\/\/arhivacomisiuniimonumentelor.ro\/?page_id=8649#breadcrumb","itemListElement":[{"@type":"ListItem","position":1,"name":"Home","item":"https:\/\/arhivacomisiuniimonumentelor.ro\/"},{"@type":"ListItem","position":2,"name":"Simpozionul Interna\u021bional Monumentul \u2013 Tradi\u021bie \u0219i Viitor, Ia\u0219i, 3-6 octombrie 2019"}]},{"@type":"WebSite","@id":"https:\/\/arhivacomisiuniimonumentelor.ro\/#website","url":"https:\/\/arhivacomisiuniimonumentelor.ro\/","name":"Back-up. Valorificarea arhivei istorice a Comisiunii Monumentelor Istorice","description":"Back-up. Valorificarea arhivei istorice a Comisiunii Monumentelor Istorice","publisher":{"@id":"https:\/\/arhivacomisiuniimonumentelor.ro\/#organization"},"potentialAction":[{"@type":"SearchAction","target":{"@type":"EntryPoint","urlTemplate":"https:\/\/arhivacomisiuniimonumentelor.ro\/?s={search_term_string}"},"query-input":{"@type":"PropertyValueSpecification","valueRequired":true,"valueName":"search_term_string"}}],"inLanguage":"en-US"},{"@type":"Organization","@id":"https:\/\/arhivacomisiuniimonumentelor.ro\/#organization","name":"Institutul Na\u021bional al Patrimoniului","url":"https:\/\/arhivacomisiuniimonumentelor.ro\/","logo":{"@type":"ImageObject","inLanguage":"en-US","@id":"https:\/\/arhivacomisiuniimonumentelor.ro\/#\/schema\/logo\/image\/","url":"http:\/\/arhivacomisiuniimonumentelor.ro\/wp-content\/uploads\/banner-digitizare-arhiva-istorica-scaled.jpg","contentUrl":"http:\/\/arhivacomisiuniimonumentelor.ro\/wp-content\/uploads\/banner-digitizare-arhiva-istorica-scaled.jpg","width":2560,"height":675,"caption":"Institutul Na\u021bional al Patrimoniului"},"image":{"@id":"https:\/\/arhivacomisiuniimonumentelor.ro\/#\/schema\/logo\/image\/"}}]}},"_links":{"self":[{"href":"http:\/\/arhivacomisiuniimonumentelor.ro\/index.php?rest_route=\/wp\/v2\/pages\/8649"}],"collection":[{"href":"http:\/\/arhivacomisiuniimonumentelor.ro\/index.php?rest_route=\/wp\/v2\/pages"}],"about":[{"href":"http:\/\/arhivacomisiuniimonumentelor.ro\/index.php?rest_route=\/wp\/v2\/types\/page"}],"author":[{"embeddable":true,"href":"http:\/\/arhivacomisiuniimonumentelor.ro\/index.php?rest_route=\/wp\/v2\/users\/1"}],"replies":[{"embeddable":true,"href":"http:\/\/arhivacomisiuniimonumentelor.ro\/index.php?rest_route=%2Fwp%2Fv2%2Fcomments&post=8649"}],"version-history":[{"count":0,"href":"http:\/\/arhivacomisiuniimonumentelor.ro\/index.php?rest_route=\/wp\/v2\/pages\/8649\/revisions"}],"wp:featuredmedia":[{"embeddable":true,"href":"http:\/\/arhivacomisiuniimonumentelor.ro\/index.php?rest_route=\/wp\/v2\/media\/8662"}],"wp:attachment":[{"href":"http:\/\/arhivacomisiuniimonumentelor.ro\/index.php?rest_route=%2Fwp%2Fv2%2Fmedia&parent=8649"}],"curies":[{"name":"wp","href":"https:\/\/api.w.org\/{rel}","templated":true}]}}